{"id":279,"date":"2023-05-28T14:57:19","date_gmt":"2023-05-28T19:57:19","guid":{"rendered":"https:\/\/carnetlastresemes.com\/?page_id=279"},"modified":"2023-05-28T14:57:19","modified_gmt":"2023-05-28T19:57:19","slug":"todo-riesgo-construccion","status":"publish","type":"page","link":"https:\/\/carnetlastresemes.com\/index.php\/todo-riesgo-construccion\/","title":{"rendered":"TODO RIESGO CONSTRUCCI\u00d3N"},"content":{"rendered":"\n<h2 class=\"wp-block-heading\">\u00bfQu\u00e9 es?<\/h2>\n\n\n\n<p><strong>Cubre las posibles p\u00e9rdidas econ\u00f3micas ocurridas por da\u00f1os o hurto de los bienes materiales de un proyecto, as\u00ed como la posible Responsabilidad Civil que llegase a tener frente a terceros<\/strong><\/p>\n\n\n\n<h2 class=\"wp-block-heading\">Beneficios <\/h2>\n\n\n\n<p><strong>Al momento de emprender la ejecuci\u00f3n de un proyecto de obra, existen m\u00faltiples riesgos que pueden generar p\u00e9rdidas econ\u00f3micas tanto para el due\u00f1o del proyecto como para el contratista que empiece a ejecutarlo.<\/strong><br><strong>Da\u00f1os materiales que sufran los bienes asegurados por causa accidental, externa. Cubre entre otras, el incendio, explosi\u00f3n, impacto de rayo, ca\u00edda de partes u objetos sobre los bienes, impericia, trabajos defectuosos, negligencia, error humano<\/strong><br><strong>Da\u00f1os causados a los bienes asegurados por cicl\u00f3n, hurac\u00e1n, tempestad, vientos fuertes, inundaci\u00f3n, desbordamiento y alza del nivel de aguas, enfangamiento, hundimiento o deslizamiento del terreno, derrumbes<\/strong><br><strong>Da\u00f1os causados por el contratista mientras est\u00e9 ejecutando sus obligaciones derivadas del mantenimiento del contrato de construcci\u00f3n<\/strong><br><strong>Huelga, Mot\u00edn, Asonada, Conmoci\u00f3n Civil y Terrorismo<\/strong><br><strong>Responsabilidad Civil Extracontractual del Asegurado por da\u00f1os materiales producidos a bienes y lesiones corporales de terceros, que ocurran en conexi\u00f3n con la ejecuci\u00f3n del contrato, incluyendo los da\u00f1os ocasionados a propiedades adyacentes o continuas al proyecto<\/strong><\/p>\n\n\n\n<h2 class=\"wp-block-heading\">Condiciones <\/h2>\n\n\n\n<p><strong>Informaci\u00f3n del cliente:<\/strong><\/p>\n\n\n\n<ul class=\"wp-block-list\">\n<li><strong>Nombre y NIT<\/strong><\/li>\n\n\n\n<li><strong>Contrato (si aplica)<\/strong><\/li>\n\n\n\n<li><strong>Especificaciones t\u00e9cnicas (descripci\u00f3n de la obra)<\/strong><\/li>\n\n\n\n<li><strong>Cronograma de obra (detallando etapas de construcci\u00f3n)<\/strong><\/li>\n\n\n\n<li><strong>Presupuesto detallado de obra (discriminando costos directos)<\/strong><\/li>\n\n\n\n<li><strong>Hoja de vida del constructor \/ experiencia<\/strong><\/li>\n\n\n\n<li><strong>Estudio de suelos<\/strong><\/li>\n\n\n\n<li><strong>Ubicaci\u00f3n del proyecto (ciudad, direcci\u00f3n)<\/strong><\/li>\n<\/ul>\n","protected":false},"excerpt":{"rendered":"<p>\u00bfQu\u00e9 es? Cubre las posibles p\u00e9rdidas econ\u00f3micas ocurridas por da\u00f1os o hurto de los bienes materiales de un proyecto, as\u00ed como la posible Responsabilidad Civil que llegase a tener frente a terceros Beneficios Al momento de emprender la ejecuci\u00f3n de un proyecto de obra, existen m\u00faltiples riesgos que pueden generar p\u00e9rdidas econ\u00f3micas tanto para el&hellip; <br \/> <a class=\"read-more\" href=\"https:\/\/carnetlastresemes.com\/index.php\/todo-riesgo-construccion\/\">Leer m\u00e1s<\/a><\/p>\n","protected":false},"author":1,"featured_media":0,"parent":0,"menu_order":0,"comment_status":"closed","ping_status":"closed","template":"","meta":{"footnotes":""},"class_list":["post-279","page","type-page","status-publish","hentry"],"_links":{"self":[{"href":"https:\/\/carnetlastresemes.com\/index.php\/wp-json\/wp\/v2\/pages\/279","targetHints":{"allow":["GET"]}}],"collection":[{"href":"https:\/\/carnetlastresemes.com\/index.php\/wp-json\/wp\/v2\/pages"}],"about":[{"href":"https:\/\/carnetlastresemes.com\/index.php\/wp-json\/wp\/v2\/types\/page"}],"author":[{"embeddable":true,"href":"https:\/\/carnetlastresemes.com\/index.php\/wp-json\/wp\/v2\/users\/1"}],"replies":[{"embeddable":true,"href":"https:\/\/carnetlastresemes.com\/index.php\/wp-json\/wp\/v2\/comments?post=279"}],"version-history":[{"count":1,"href":"https:\/\/carnetlastresemes.com\/index.php\/wp-json\/wp\/v2\/pages\/279\/revisions"}],"predecessor-version":[{"id":280,"href":"https:\/\/carnetlastresemes.com\/index.php\/wp-json\/wp\/v2\/pages\/279\/revisions\/280"}],"wp:attachment":[{"href":"https:\/\/carnetlastresemes.com\/index.php\/wp-json\/wp\/v2\/media?parent=279"}],"curies":[{"name":"wp","href":"https:\/\/api.w.org\/{rel}","templated":true}]}}