{"id":294,"date":"2023-05-28T17:19:19","date_gmt":"2023-05-28T22:19:19","guid":{"rendered":"https:\/\/carnetlastresemes.com\/?page_id=294"},"modified":"2023-05-28T17:51:55","modified_gmt":"2023-05-28T22:51:55","slug":"soat-1","status":"publish","type":"page","link":"https:\/\/carnetlastresemes.com\/index.php\/soat-1\/","title":{"rendered":"SOAT 1"},"content":{"rendered":"<div  id=\"seguros\" style=\"background-color: rgb(255, 255, 255); background-image: none;\" data-label=\"Seguros\" data-id=\"features-12-card-bordered\" data-export-id=\"features-12-card-bordered\" data-category=\"features\" class=\"features-12-card-bordered content-section content-section-spacing \"><div  class=\"gridContainer\"> <div  class=\"row text-center\"><div  class=\"section-title-col\" data-type=\"column\"> <h2  class=\"\">Tenemos el Seguro que Necesitas<\/h2> <p  class=\"lead\">Lorem ipsum dolor sit amet, consectetur adipiscing elit, sed do eiusmod tempor incididunt ut labore et dolore magna aliqua. Ut enim ad minim veniam, quis nostrud exercitation.Ut enim ad minim veniam, quis nostrud exercitation.<\/p><\/div> <\/div> <div  class=\"row spaced-cols\" data-type=\"row\"> <div  class=\"col-sm-6 col-md-12 \"> <div  class=\"card row-card bordered y-move\"> <div  class=\"row\"> <div  class=\"col-sm-fit icon-column\"> <i  class=\"fa icon color2 fa-exclamation-triangle bordered round large\"><\/i> <\/div> <div  class=\"col-sm\" data-type=\"column\"> <h5  class=\"color2\">SOAT<\/h5> <p  class=\"\"><b >\u00bfQU\u00c9 ES?\n<\/b><br ><br >\nEs un seguro obligatorio para todos los veh\u00edculos que transitan en Colombia y es de car\u00e1cter social. Garantiza la atenci\u00f3n m\u00e9dica, hospitalaria, de las personas involucradas en un accidente de tr\u00e1nsito; adem\u00e1s en caso incapacidad total y permanente o muerte a consecuencia del accidente indemniza con 750 salarios m\u00ednimos mensuales a los herederos legales. Las tarifas de SOAT son definidas anualmente por el gobierno nacional y es la misma en todas las compa\u00f1\u00edas de seguros \u00a1Compra tu Soat en l\u00ednea con nosotros f\u00e1cil!\n<br ><br ><b >COBERTURAS<\/b>\n<br ><br >El seguro obligatorio cubre todas las v\u00edctimas, al conductor y ocupantes del veh\u00edculo al momento del accidente:<br ><br >\u2013 Gastos M\u00e9dicos o Servicios M\u00e9dicos \u2013 Quir\u00fargicos (800 SMLDV).<br ><br >\u2013 Indemnizaci\u00f3n por Incapacidad Permanente (180 SMLDV).<br ><br >\u2013 Indemnizaci\u00f3n por Muerte de la V\u00edctima (750 SMDLV).<br ><br >\u2013 Indemnizaci\u00f3n por Gastos Funerarios (750 SMDLV).\n<br ><br >\u2013 Gastos de Transporte (10 SMLDV).<br ><\/p><\/div> <\/div><\/div> <\/div>   <\/div> <\/div><\/div><div  data-label=\"Nuestros Aliados\" data-id=\"clients--1\" data-export-id=\"clients-4\" data-category=\"clients\" class=\"clients-4 content-section content-section-spacing-small\" id=\"nuestros-aliados\" style=\"background-color: rgb(245, 250, 253);\"><div  class=\"gridContainer\"> <div  class=\"row\"><div  data-type=\"column\" class=\"section-title-col\"> <h2  class=\"font-700\">Nuestros Aliados<\/h2> <p  class=\"lead\">Para nosotros en muy importante contar con el respaldo de las aseguradoras m\u00e1s importantes de nuestro pa\u00eds\u00a1\u00a1&nbsp;<\/p><\/div> <\/div> <div  data-type=\"row\" class=\"row spaced-cols middle-xs center-xs space-bottom padding-lr\"> <div  class=\"col-xs-6 col-sm-2\"> <img  decoding=\"async\" src=\"https:\/\/carnetlastresemes.com\/wp-content\/uploads\/2023\/05\/Liberty-Seguros.png\" class=\"\" title=\"Liberty-Seguros\" alt=\"\"><\/div> <div  class=\"col-xs-6 col-sm-2\"> <img  decoding=\"async\" src=\"https:\/\/carnetlastresemes.com\/wp-content\/uploads\/2023\/05\/logo_seguros_del_estado.png\" class=\"\" title=\"logo_seguros_del_estado\" alt=\"\"><\/div> <div  class=\"col-xs-6 col-sm-2\"> <img  decoding=\"async\" src=\"https:\/\/carnetlastresemes.com\/wp-content\/uploads\/2023\/05\/Previsora.png\" class=\"\" title=\"Previsora\" alt=\"\"><\/div>  <div  class=\"col-xs-6 col-sm-2\"> <img  decoding=\"async\" src=\"https:\/\/carnetlastresemes.com\/wp-content\/uploads\/2023\/05\/cropped-unnamed.png\" class=\"\" title=\"cropped-unnamed.png\" alt=\"\"><\/div>  <\/div><\/div> <\/div><div  id=\"whatsapp-1\" data-label=\"Whatsapp\" data-id=\"cta-blue-section\" data-export-id=\"cta-blue-section\" data-category=\"cta\" class=\"cta-blue-section content-section content-section-spacing-medium bg-color1 white-text\"><div  class=\"\"> <div  class=\"row middle-xs\"><div  class=\"col-sm-8 space-bottom-xs\" data-type=\"column\"> <h2  class=\"\">\u00bfNecesitas un Seguro?\n<br >Comunicate con Nosotros Equipo Comercial<\/h2> <\/div> <div  class=\"col-sm-4 end-sm\" data-type=\"column\"> <a class=\"button color2\" href=\"#\" target=\"_self\" data-cp-link=\"1\" rel=\"noopener\">Whatsapp<\/a><\/div> <\/div><\/div> <\/div><div  id=\"contacto\" data-label=\"Contacto\" data-id=\"contact-1\" data-export-id=\"contact-1\" data-category=\"contact\" class=\"contact-1 content-section content-section-spacing white-text\" data-parallax-depth=\"20\" style=\"background-size: cover; background-position: center top;\"><div  class=\"gridContainer\"> <div  class=\"row text-center\"><div  class=\"section-title-col\" data-type=\"column\"> <h2  class=\"\">Contacto<\/h2> <p  class=\"lead\">ELEFONOS: 324 11 11 \u2013 8805888 \u2013 3113247560 \u2013 3214813503 \u2013 CORREOS:&nbsp;tresemesagenciadeseguros@gmail.com \u2013&nbsp; afiliacionesmmm@gmail.com&nbsp; &nbsp;DIRECCI\u00d3N: Carrera 62 No. 2b \u2013 52 Local 16<\/p><\/div> <\/div> <div  class=\"row text-center\"> <div  class=\"col-xs-12 col-sm-8 col-sm-offset-2 contact-form-wrapper inline-info\"> <div  class=\"card large-padding\"> <div  class=\"\" data-content-shortcode=\"mesmerize_contact_form shortcode=&quot;&amp;amp;lt;iframe src=&amp;amp;quot;https:\/\/www.google.com\/maps\/embed?pb=!1m14!1m8!1m3!1d15930.066467203826!2d-76.5018922!3d3.4668849!3m2!1i1024!2i768!4f13.1!3m3!1m2!1s0x8e30a15644dc4d61%3A0xb7277a394df8f401!2sLAS%20TRES%20EMES%20SEGUROS%20-%20AGENCIA!5e0!3m2!1ses!2sco!4v1684387168740!5m2!1ses!2sco&amp;amp;quot; width=&amp;amp;quot;600&amp;amp;quot; height=&amp;amp;quot;450&amp;amp;quot; style=&amp;amp;quot;border:0;&amp;amp;quot; allowfullscreen=&amp;amp;quot;&amp;amp;quot; loading=&amp;amp;quot;lazy&amp;amp;quot; referrerpolicy=&amp;amp;quot;no-referrer-when-downgrade&amp;amp;quot;&amp;amp;gt;&amp;amp;lt;\/iframe&amp;amp;gt;&quot;\" data-editable=\"true\">[<iframe src=\"https:\/\/www.google.com\/maps\/embed?pb=!1m14!1m8!1m3!1d15930.066467203826!2d-76.5018922!3d3.4668849!3m2!1i1024!2i768!4f13.1!3m3!1m2!1s0x8e30a15644dc4d61%3A0xb7277a394df8f401!2sLAS%20TRES%20EMES%20SEGUROS%20-%20AGENCIA!5e0!3m2!1ses!2sco!4v1684387168740!5m2!1ses!2sco\" width=\"600\" height=\"450\" style=\"border:0;\" allowfullscreen=\"\" loading=\"lazy\" referrerpolicy=\"no-referrer-when-downgrade\"><\/iframe>]<\/div><\/div> <\/div><\/div> <\/div><\/div>","protected":false},"excerpt":{"rendered":"<p>Tenemos el Seguro que Necesitas Lorem ipsum dolor sit amet, consectetur adipiscing elit, sed do eiusmod tempor incididunt ut labore et dolore magna aliqua. Ut enim ad minim veniam, quis nostrud exercitation.Ut enim ad minim veniam, quis nostrud exercitation. SOAT \u00bfQU\u00c9 ES? Es un seguro obligatorio para todos los veh\u00edculos que transitan en Colombia y&hellip; <br \/> <a class=\"read-more\" href=\"https:\/\/carnetlastresemes.com\/index.php\/soat-1\/\">Leer m\u00e1s<\/a><\/p>\n","protected":false},"author":1,"featured_media":0,"parent":0,"menu_order":0,"comment_status":"closed","ping_status":"closed","template":"page-templates\/homepage.php","meta":{"footnotes":""},"class_list":["post-294","page","type-page","status-publish","hentry"],"_links":{"self":[{"href":"https:\/\/carnetlastresemes.com\/index.php\/wp-json\/wp\/v2\/pages\/294","targetHints":{"allow":["GET"]}}],"collection":[{"href":"https:\/\/carnetlastresemes.com\/index.php\/wp-json\/wp\/v2\/pages"}],"about":[{"href":"https:\/\/carnetlastresemes.com\/index.php\/wp-json\/wp\/v2\/types\/page"}],"author":[{"embeddable":true,"href":"https:\/\/carnetlastresemes.com\/index.php\/wp-json\/wp\/v2\/users\/1"}],"replies":[{"embeddable":true,"href":"https:\/\/carnetlastresemes.com\/index.php\/wp-json\/wp\/v2\/comments?post=294"}],"version-history":[{"count":11,"href":"https:\/\/carnetlastresemes.com\/index.php\/wp-json\/wp\/v2\/pages\/294\/revisions"}],"predecessor-version":[{"id":322,"href":"https:\/\/carnetlastresemes.com\/index.php\/wp-json\/wp\/v2\/pages\/294\/revisions\/322"}],"wp:attachment":[{"href":"https:\/\/carnetlastresemes.com\/index.php\/wp-json\/wp\/v2\/media?parent=294"}],"curies":[{"name":"wp","href":"https:\/\/api.w.org\/{rel}","templated":true}]}}